{"id":14,"date":"2025-10-29T16:58:02","date_gmt":"2025-10-29T16:58:02","guid":{"rendered":"https:\/\/faxyo.com\/?page_id=14"},"modified":"2025-12-04T22:57:23","modified_gmt":"2025-12-04T22:57:23","slug":"contacto","status":"publish","type":"page","link":"https:\/\/faxyo.com\/index.php\/contacto\/","title":{"rendered":"Contacto"},"content":{"rendered":"<div class=\"et_pb_section_0 et_pb_section et_section_specialty et_pb_gutters3 et_block_section\"><div class=\"et_pb_row et_block_row\">\n<div class=\"et_pb_column_0 et_pb_column et_pb_column_single et_pb_column_1_2 et_block_column et_pb_css_mix_blend_mode_passthrough\">\n<div class=\"et_pb_text_0 et_pb_text et_pb_bg_layout_light et_pb_module et_block_module\"><div class=\"et_pb_text_inner\"><h2><span style=\"color: #fc3f3f;\">\u2014<\/span> manten en<\/h2>\n<\/div><\/div>\n\n<div class=\"et_pb_text_1 et_pb_text et_pb_bg_layout_light et_pb_module et_block_module\"><div class=\"et_pb_text_inner\"><h1>Contacto<\/h1>\n<\/div><\/div>\n\n<div class=\"et_pb_text_2 et_pb_text et_pb_bg_layout_light et_pb_module et_block_module\"><div class=\"et_pb_text_inner\"><p>Nos encanta escuchar de ti. Ya sea una consulta, una idea para colaborar o simplemente un saludo, usa el formulario y ponte en contacto.<\/p>\n<\/div><\/div>\n\n<div class=\"et_pb_text_3 et_pb_text et_pb_bg_layout_light et_pb_module et_block_module\"><div class=\"et_pb_text_inner\"><p><a href=\"mailto:info@faxyo.com\">info@faxyo.com<\/a><br \/>\n+57 302 329 6878<\/p>\n<\/div><\/div>\n<\/div>\n\n<div class=\"et_pb_column_1 et_pb_column et_pb_specialty_column et_pb_column_1_2 et-last-child et_block_column et_pb_css_mix_blend_mode_passthrough\">\n<div class=\"et_pb_row_inner_0 et_pb_row_inner et_block_row\">\n<div class=\"et_pb_column_inner_0 et_pb_column_inner et_pb_column et_pb_column_4_4 et-last-child et_block_column et_pb_css_mix_blend_mode_passthrough\">\n<div class=\"et_pb_contact_form_0 et_pb_contact_form_container clearfix et_pb_module et_flex_module\" data-form_unique_num=\"0\" data-form_unique_id=\"divi\/contact-form-0\" id=\"et_pb_contact_form_0\"><div class=\"et-pb-contact-message\"><\/div><div class=\"et_pb_contact\"><form class=\"et_pb_contact_form et_flex_module\" method=\"post\" action=\"https:\/\/faxyo.com\/index.php\/wp-json\/wp\/v2\/pages\/14\">\n<div class=\"et_pb_contact_field_0 et_pb_contact_field et_pb_module et_flex_module et_flex_column_24_24\" data-id=\"email\" data-type=\"email\"><label class=\"et_pb_contact_form_label\">Correo Electr\u00f3nico<\/label><input type=\"text\" name=\"et_pb_contact_0_email_0\" id=\"et_pb_contact_0_email_0\" class=\"input\" data-required_mark=\"required\" data-field_type=\"email\" data-original_id=\"email\" placeholder=\"Correo Electr\u00f3nico\" title=\"\" value=\"\" \/><\/div>\n\n<div class=\"et_pb_contact_field_1 et_pb_contact_field et_pb_module et_flex_module et_flex_column_24_24\" data-id=\"name\" data-type=\"input\"><label class=\"et_pb_contact_form_label\">Nombre<\/label><input type=\"text\" name=\"et_pb_contact_0_name_1\" id=\"et_pb_contact_0_name_1\" class=\"input\" data-required_mark=\"required\" data-field_type=\"input\" data-original_id=\"name\" placeholder=\"Nombre\" title=\"\" value=\"\" \/><\/div>\n\n<div class=\"et_pb_contact_field_2 et_pb_contact_field et_pb_module et_flex_module et_flex_column_24_24\" data-id=\"message\" data-type=\"text\"><label class=\"et_pb_contact_form_label\">Mensaje<\/label><textarea name=\"et_pb_contact_0_message_2\" id=\"et_pb_contact_0_message_2\" class=\"et_pb_contact_message input\" data-required_mark=\"required\" data-field_type=\"text\" data-original_id=\"message\" placeholder=\"Mensaje\"><\/textarea><\/div>\n<input type=\"hidden\" name=\"et_pb_contactform_submit_0\" value=\"et_contact_proccess\" \/><div class=\"et_contact_bottom_container\"><div class=\"et_pb_contact_right et_pb_contact_field\"><p class=\"clearfix\"><span class=\"et_pb_contact_captcha_question\">13 + 13<\/span> = <input type=\"text\" size=\"2\" class=\"input et_pb_contact_captcha\" data-first_digit=\"13\" data-second_digit=\"13\" data-required_mark=\"required\" name=\"et_pb_contact_captcha_0\" autocomplete=\"off\" \/><\/p><\/div><div class=\"et_pb_button_wrapper\"><button type=\"submit\" name=\"et_builder_submit_button\" class=\"et_pb_button et_pb_contact_submit\" data-icon=\"$\">Enviar<\/button><\/div><\/div><input type=\"hidden\" id=\"_wpnonce-et-pb-contact-form-submitted-0\" name=\"_wpnonce-et-pb-contact-form-submitted-0\" value=\"fd7039de94\" \/><input type=\"hidden\" name=\"_wp_http_referer\" value=\"\/index.php\/wp-json\/wp\/v2\/pages\/14\" \/><\/form><\/div><\/div>\n<\/div>\n<\/div>\n<\/div>\n<\/div><\/div>\n\n<div class=\"et_pb_section_1 et_pb_section et_section_regular et_block_section\">\n<div class=\"et_pb_row_0 et_pb_row et_pb_gutters3 et_block_row\">\n<div class=\"et_pb_column_2 et_pb_column et_pb_column_4_4 et-last-child et_block_column et_pb_css_mix_blend_mode_passthrough\">\n<div class=\"et_pb_text_4 et_pb_text et_pb_bg_layout_light et_pb_module et_block_module\"><div class=\"et_pb_text_inner\"><h2><span style=\"color: #fc3f3f;\">\u2014<\/span> FAQ<\/h2>\n<\/div><\/div>\n\n<div class=\"et_pb_text_5 et_pb_text et_pb_bg_layout_light et_pb_module et_block_module\"><div class=\"et_pb_text_inner\"><h2>Preguntas<span style=\"color: #4a00d8;\">?<\/span><\/h2>\n<\/div><\/div>\n<\/div>\n<\/div>\n\n<div class=\"et_pb_row_1 et_pb_row et_pb_gutters3 et_block_row\">\n<div class=\"et_pb_column_3 et_pb_column et_pb_column_1_2 et_block_column et_pb_css_mix_blend_mode_passthrough\">\n<div class=\"et_pb_toggle_0 et_pb_toggle et_pb_toggle_item et_pb_toggle_open et_pb_module et_block_module\"><h5 class=\"et_pb_toggle_title\">\u00bfQu\u00e9 servicios ofrecen exactamente?<\/h5><div class=\"et_pb_toggle_content clearfix\"><p>Ofrecemos un <b>servicio integral<\/b> que incluye el <b>dise\u00f1o y desarrollo completo<\/b> de p\u00e1ginas web a medida (desde sitios <i>web<\/i> informativos y <i>blogs<\/i>, hasta tiendas <i>online<\/i> de comercio electr\u00f3nico), adem\u00e1s de <b>soluciones de <i>hosting<\/i> (alojamiento)<\/b> seguras y r\u00e1pidas, y mantenimiento continuo.<\/p>\n<\/div><\/div>\n\n<div class=\"et_pb_toggle_1 et_pb_toggle et_pb_toggle_item et_pb_toggle_close et_pb_module et_block_module\"><h5 class=\"et_pb_toggle_title\">\u00bfCu\u00e1nto tiempo tarda el proceso de dise\u00f1o y desarrollo de una p\u00e1gina web?<\/h5><div class=\"et_pb_toggle_content clearfix\"><p>El tiempo de entrega <b>var\u00eda seg\u00fan la complejidad<\/b> del proyecto. Un sitio <i>web<\/i> est\u00e1ndar (5-7 p\u00e1ginas) puede tardar de 2<b>\u00a0a 4 semanas<\/b> desde la aprobaci\u00f3n del dise\u00f1o inicial hasta el lanzamiento. Proyectos m\u00e1s grandes o personalizados, como tiendas <i>online<\/i>, pueden requerir m\u00e1s tiempo. Siempre te proporcionaremos un cronograma detallado al inicio.<\/p>\n<\/div><\/div>\n\n<div class=\"et_pb_toggle_2 et_pb_toggle et_pb_toggle_item et_pb_toggle_close et_pb_module et_block_module\"><h5 class=\"et_pb_toggle_title\">\u00bfEl dise\u00f1o de mi p\u00e1gina web ser\u00e1 compatible con m\u00f3viles (dise\u00f1o responsive)?<\/h5><div class=\"et_pb_toggle_content clearfix\"><p><b>Absolutamente s\u00ed.<\/b> Todos nuestros dise\u00f1os son creados bajo la metodolog\u00eda <i>responsive<\/i>, lo que garantiza que tu p\u00e1gina se ver\u00e1 y funcionar\u00e1 perfectamente en cualquier dispositivo: <b>ordenadores de escritorio, <i>laptops<\/i>, <i>tablets<\/i> y <i>smartphones<\/i><\/b>.<\/p>\n<\/div><\/div>\n\n<div class=\"et_pb_toggle_3 et_pb_toggle et_pb_toggle_item et_pb_toggle_close et_pb_module et_block_module\"><h5 class=\"et_pb_toggle_title\">\u00bfQu\u00e9 es el hosting y por qu\u00e9 lo necesito?<\/h5><div class=\"et_pb_toggle_content clearfix\"><p>El <b><i>hosting<\/i><\/b> es el servicio que permite que tu sitio <i>web<\/i> sea accesible en Internet. Imagina que es el <b>\u00abterreno\u00bb<\/b> donde reside tu p\u00e1gina <i>web<\/i>. Nosotros ofrecemos planes de <i>hosting<\/i> <b>r\u00e1pidos, seguros y con soporte t\u00e9cnico<\/b> para asegurar que tu sitio est\u00e9 siempre <i>online<\/i> y cargue r\u00e1pidamente.<\/p>\n<\/div><\/div>\n\n<div class=\"et_pb_toggle_4 et_pb_toggle et_pb_toggle_item et_pb_toggle_close et_pb_module et_block_module\"><h5 class=\"et_pb_toggle_title\">\u00bfIncluyen la optimizaci\u00f3n para motores de b\u00fasqueda (SEO) b\u00e1sica en el dise\u00f1o?<\/h5><div class=\"et_pb_toggle_content clearfix\"><p><b>S\u00ed.<\/b> Implementamos <b>buenas pr\u00e1cticas de SEO t\u00e9cnico<\/b> en la estructura de la p\u00e1gina, la velocidad de carga, la configuraci\u00f3n de etiquetas de t\u00edtulo, meta descripciones y la usabilidad (UX). Esto sienta una base s\u00f3lida para que tu sitio sea encontrado por buscadores como Google.<\/p>\n<\/div><\/div>\n<\/div>\n\n<div class=\"et_pb_column_4 et_pb_column et_pb_column_1_2 et-last-child et_block_column et_pb_css_mix_blend_mode_passthrough\">\n<div class=\"et_pb_toggle_5 et_pb_toggle et_pb_toggle_item et_pb_toggle_close et_pb_module et_block_module\"><h5 class=\"et_pb_toggle_title\">\u00bfNecesito comprar el nombre de dominio yo mismo?<\/h5><div class=\"et_pb_toggle_content clearfix\"><p>Podemos encargarnos de todo. <b>Podemos ayudarte a buscar, registrar y configurar tu nombre de dominio<\/b> (por ejemplo, <code>tumarca.com<\/code>) como parte de nuestro paquete de servicios, asegurando que est\u00e9 conectado correctamente a tu <i>hosting<\/i> y p\u00e1gina <i>web<\/i>.<\/p>\n<\/div><\/div>\n\n<div class=\"et_pb_toggle_6 et_pb_toggle et_pb_toggle_item et_pb_toggle_close et_pb_module et_block_module\"><h5 class=\"et_pb_toggle_title\">\u00bfQu\u00e9 tipo de soporte t\u00e9cnico ofrecen despu\u00e9s del lanzamiento?<\/h5><div class=\"et_pb_toggle_content clearfix\"><p>Ofrecemos <b>soporte t\u00e9cnico continuo<\/b> y planes de mantenimiento. Esto incluye la soluci\u00f3n de errores, actualizaciones de seguridad, <i>backups<\/i> regulares y asistencia para el <i>hosting<\/i>. Puedes contratar un plan de mantenimiento mensual o solicitar soporte bajo demanda.<\/p>\n<\/div><\/div>\n\n<div class=\"et_pb_toggle_7 et_pb_toggle et_pb_toggle_item et_pb_toggle_close et_pb_module et_block_module\"><h5 class=\"et_pb_toggle_title\">\u00bfPodr\u00e9 actualizar el contenido de mi p\u00e1gina web yo mismo?<\/h5><div class=\"et_pb_toggle_content clearfix\"><p><b>S\u00ed.<\/b> La mayor\u00eda de nuestros proyectos se desarrollan en sistemas de gesti\u00f3n de contenido (<b>CMS<\/b>) como <b>WordPress<\/b>, que son muy intuitivos. Te proporcionaremos <b>capacitaci\u00f3n<\/b> y documentaci\u00f3n para que puedas actualizar textos, im\u00e1genes y <i>blogs<\/i> sin necesidad de conocimientos de programaci\u00f3n.<\/p>\n<\/div><\/div>\n\n<div class=\"et_pb_toggle_8 et_pb_toggle et_pb_toggle_item et_pb_toggle_close et_pb_module et_block_module\"><h5 class=\"et_pb_toggle_title\">\u00bfCu\u00e1l es el proceso para empezar un proyecto con ustedes?<\/h5><div class=\"et_pb_toggle_content clearfix\"><p data-path-to-node=\"23\">El proceso es sencillo:<\/p>\n<ul>\n<li data-path-to-node=\"24,0,0\"><b>Contacto y Consulta:<\/b> Nos cuentas tus objetivos y necesidades.<\/li>\n<li data-path-to-node=\"24,0,0\"><b>Propuesta y Cotizaci\u00f3n:<\/b> Presentamos una propuesta detallada con el alcance y el precio.<\/li>\n<li data-path-to-node=\"24,0,0\"><b>Dise\u00f1o y Desarrollo:<\/b> Una vez aceptada, iniciamos el dise\u00f1o y codificaci\u00f3n.<\/li>\n<li data-path-to-node=\"24,0,0\"><b>Revisi\u00f3n y Lanzamiento:<\/b> Revisamos la p\u00e1gina juntos y, tras tu aprobaci\u00f3n, la lanzamos al p\u00fablico.<\/li>\n<\/ul>\n<\/div><\/div>\n\n<div class=\"et_pb_toggle_9 et_pb_toggle et_pb_toggle_item et_pb_toggle_close et_pb_module et_block_module\"><h5 class=\"et_pb_toggle_title\">\u00bfEl costo del hosting est\u00e1 incluido en el precio del dise\u00f1o web?<\/h5><div class=\"et_pb_toggle_content clearfix\"><p><b>No inicialmente.<\/b> El precio del dise\u00f1o web cubre el desarrollo y lanzamiento inicial. El <b>servicio de <i>hosting<\/i> es una tarifa recurrente (generalmente anual o mensual)<\/b>. Te ofreceremos opciones de <i>hosting<\/i> que se adapten a las necesidades de tu sitio, y te cotizaremos ambos servicios por separado para mayor claridad.<\/p>\n<\/div><\/div>\n<\/div>\n<\/div>\n<\/div>\n\n<div class=\"et_pb_section_2 et_pb_section et_section_regular et_block_section\">\n<div class=\"et_pb_row_2 et_pb_row et_pb_gutters3 et_block_row\">\n<div class=\"et_pb_column_5 et_pb_column et_pb_column_4_4 et-last-child et_block_column et_pb_css_mix_blend_mode_passthrough\">\n<div class=\"et_pb_text_6 et_pb_text et_pb_bg_layout_dark et_pb_module et_block_module\"><div class=\"et_pb_text_inner\"><h2>La tecnolog\u00eda es nuestro trabajo. <b>Su \u00e9xito es el objetivo<\/b><\/h2>\n<\/div><\/div>\n<\/div>\n<\/div>\n\n<div class=\"et_pb_row_3 et_pb_row et_flex_row\">\n<div class=\"et_pb_column_6 et_pb_column et_flex_column et_pb_css_mix_blend_mode_passthrough et_flex_column_12_24 et_flex_column_12_24_tablet et_flex_column_24_24_phone\">\n<div class=\"et_pb_text_7 et_pb_text et_pb_bg_layout_light et_pb_module et_block_module\"><div class=\"et_pb_text_inner\"><p>Nos enfocamos en construir <b>p\u00e1ginas web que generen resultados<\/b>, no solo presencia.<\/p>\n<\/div><\/div>\n<\/div>\n\n<div class=\"et_pb_column_7 et_pb_column et_flex_column et_pb_css_mix_blend_mode_passthrough et_flex_column_12_24 et_flex_column_12_24_tablet et_flex_column_24_24_phone\">\n<div class=\"et_pb_text_8 et_pb_text et_pb_bg_layout_light et_pb_module et_block_module\"><div class=\"et_pb_text_inner\"><p>Transformamos su visi\u00f3n de negocio en una <b>experiencia digital usable y rentable<\/b>.<\/p>\n<\/div><\/div>\n<\/div>\n\n<div class=\"et_pb_column_8 et_pb_column et-last-child et_flex_column et_pb_css_mix_blend_mode_passthrough et_flex_column_12_24 et_flex_column_12_24_tablet et_flex_column_24_24_phone\">\n<div class=\"et_pb_text_9 et_pb_text et_pb_bg_layout_light et_pb_module et_block_module\"><div class=\"et_pb_text_inner\"><p>No solo creamos un sitio web; creamos su <b>herramienta de crecimiento m\u00e1s importante<\/b>.<\/p>\n<\/div><\/div>\n<\/div>\n<\/div>\n<\/div>\n\n<div class=\"et_pb_section_3 et_pb_section et_section_specialty et_pb_gutters3 et_block_section\"><div class=\"et_pb_row et_block_row\">\n<div class=\"et_pb_column_9 et_pb_column et_pb_column_single et_pb_column_1_3 et_block_column et_pb_css_mix_blend_mode_passthrough\">\n<div class=\"et_pb_image_0 et_pb_image et_pb_module et_block_module\"><span class=\"et_pb_image_wrap\"><img loading=\"lazy\" decoding=\"async\" src=\"https:\/\/faxyo.com\/wp-content\/uploads\/2025\/10\/computadora.jpg\" width=\"500\" height=\"640\" srcset=\"https:\/\/faxyo.com\/wp-content\/uploads\/2025\/10\/computadora.jpg 500w, https:\/\/faxyo.com\/wp-content\/uploads\/2025\/10\/computadora-480x614.jpg 480w\" sizes=\"(min-width: 0px) and (max-width: 480px) 480px, (min-width: 481px) 500px, 100vw\" class=\"wp-image-60\" \/><\/span><\/div>\n<\/div>\n\n<div class=\"et_pb_column_10 et_pb_column et_pb_specialty_column et_pb_column_2_3 et-last-child et_block_column et_pb_css_mix_blend_mode_passthrough\">\n<div class=\"et_pb_row_inner_1 et_pb_row_inner et_block_row\">\n<div class=\"et_pb_column_inner_1 et_pb_column_inner et_pb_column et_pb_column_4_4 et-last-child et_block_column et_pb_css_mix_blend_mode_passthrough\">\n<div class=\"et_pb_text_10 et_pb_text et_pb_bg_layout_light et_pb_module et_block_module\"><div class=\"et_pb_text_inner\"><h2>Comencemos <span style=\"color: #14529e;\"> Tu proyecto<\/span><\/h2>\n<\/div><\/div>\n<\/div>\n<\/div>\n\n<div class=\"et_pb_row_inner_2 et_pb_row_inner et_block_row\">\n<div class=\"et_pb_column_inner_2 et_pb_column_inner et_pb_column et_pb_column_1_3 et_block_column et_pb_css_mix_blend_mode_passthrough\">\n<div class=\"et_pb_text_11 et_pb_text et_pb_bg_layout_light et_pb_module et_block_module\"><div class=\"et_pb_text_inner\"><h3>Oficina<\/h3>\n<p>Cl 19a # 91-05 L.38<br \/>Bogot\u00e1, Colombia<\/p>\n<\/div><\/div>\n<\/div>\n\n<div class=\"et_pb_column_inner_3 et_pb_column_inner et_pb_column et_pb_column_1_3 et-last-child et_block_column et_pb_css_mix_blend_mode_passthrough\">\n<div class=\"et_pb_text_12 et_pb_text et_pb_bg_layout_light et_pb_module et_block_module\"><div class=\"et_pb_text_inner\"><h3>Contacto<\/h3>\n<p><a href=\"mailto:info@faxyo.com\">info@faxyo.com<\/a><br \/>\n+57 302 329 6878<\/p>\n<\/div><\/div>\n\n<div class=\"et_pb_module et_pb_button_module_wrapper et_pb_button_0_wrapper\"><a class=\"et_pb_button_0 et_pb_button et_pb_bg_layout_light et_pb_module et_block_module\" href=\"\" data-icon=\"$\">Cotiza<\/a><\/div>\n<\/div>\n<\/div>\n<\/div>\n<\/div><\/div>\n\n<div class=\"et_pb_section_4 et_pb_section et_section_regular et_block_section\">\n<div class=\"et_pb_row_4 et_pb_row et_pb_gutters3 et_block_row\">\n<div class=\"et_pb_column_11 et_pb_column et_pb_column_1_3 et_block_column et_pb_css_mix_blend_mode_passthrough\">\n<div class=\"et_pb_text_13 et_pb_text et_pb_bg_layout_light et_pb_module et_block_module\"><div class=\"et_pb_text_inner\"><p><a href=\"#\">T\u00e9rminos y Condiciones<\/a><\/p>\n<\/div><\/div>\n<\/div>\n\n<div class=\"et_pb_column_12 et_pb_column et_pb_column_1_3 et_block_column et_pb_css_mix_blend_mode_passthrough\">\n<ul class=\"et_pb_social_media_follow_0 et_pb_social_media_follow clearfix et_pb_bg_layout_light et_pb_text_align_center et_pb_module et_block_module\">\n<li class=\"et_pb_social_media_follow_network_0 et_pb_social_media_follow_network et_pb_social_icon et_pb_social_network_link et-social-instagram et_pb_module et_flex_module\"><a href=\"#\" class=\"icon\" target=\"_self\" title=\"Seguir en Instagram\" rel=\"noopener\"><span class=\"et_pb_social_media_follow_network_name\">Seguir<\/span><\/a><\/li>\n\n<li class=\"et_pb_social_media_follow_network_1 et_pb_social_media_follow_network et_pb_social_icon et_pb_social_network_link et-social-youtube et_pb_module et_flex_module\"><a href=\"#\" class=\"icon\" target=\"_self\" title=\"Seguir en Youtube\" rel=\"noopener\"><span class=\"et_pb_social_media_follow_network_name\">Seguir<\/span><\/a><\/li>\n\n<li class=\"et_pb_social_media_follow_network_2 et_pb_social_media_follow_network et_pb_social_icon et_pb_social_network_link et-pb-social-fa-icon et-social-tiktok et_pb_module et_flex_module\"><a href=\"#\" class=\"icon\" target=\"_self\" title=\"Seguir en TikTok\" rel=\"noopener\"><span class=\"et_pb_social_media_follow_network_name\">Seguir<\/span><\/a><\/li>\n<\/ul>\n<\/div>\n\n<div class=\"et_pb_column_13 et_pb_column et_pb_column_1_3 et-last-child et_block_column et_pb_css_mix_blend_mode_passthrough\">\n<div class=\"et_pb_text_14 et_pb_text et_pb_bg_layout_light et_pb_module et_block_module\"><div class=\"et_pb_text_inner\"><p><a href=\"#\">Pol\u00edticas y Privacidad<\/a><\/p>\n<\/div><\/div>\n<\/div>\n<\/div>\n<\/div>","protected":false},"excerpt":{"rendered":"","protected":false},"author":1,"featured_media":0,"parent":0,"menu_order":0,"comment_status":"closed","ping_status":"closed","template":"","meta":{"footnotes":""},"class_list":["post-14","page","type-page","status-publish","hentry"],"_links":{"self":[{"href":"https:\/\/faxyo.com\/index.php\/wp-json\/wp\/v2\/pages\/14","targetHints":{"allow":["GET"]}}],"collection":[{"href":"https:\/\/faxyo.com\/index.php\/wp-json\/wp\/v2\/pages"}],"about":[{"href":"https:\/\/faxyo.com\/index.php\/wp-json\/wp\/v2\/types\/page"}],"author":[{"embeddable":true,"href":"https:\/\/faxyo.com\/index.php\/wp-json\/wp\/v2\/users\/1"}],"replies":[{"embeddable":true,"href":"https:\/\/faxyo.com\/index.php\/wp-json\/wp\/v2\/comments?post=14"}],"version-history":[{"count":19,"href":"https:\/\/faxyo.com\/index.php\/wp-json\/wp\/v2\/pages\/14\/revisions"}],"predecessor-version":[{"id":112,"href":"https:\/\/faxyo.com\/index.php\/wp-json\/wp\/v2\/pages\/14\/revisions\/112"}],"wp:attachment":[{"href":"https:\/\/faxyo.com\/index.php\/wp-json\/wp\/v2\/media?parent=14"}],"curies":[{"name":"wp","href":"https:\/\/api.w.org\/{rel}","templated":true}]}}